{"id":6842,"date":"2019-06-30T20:54:52","date_gmt":"2019-06-30T18:54:52","guid":{"rendered":"http:\/\/csi2.zia-maria.com\/?page_id=2"},"modified":"2019-06-30T20:54:52","modified_gmt":"2019-06-30T18:54:52","slug":"associazione","status":"publish","type":"page","link":"https:\/\/csi-test.amtdev.it\/?page_id=6842","title":{"rendered":"L&#8217;Associazione"},"content":{"rendered":"\t\t<div data-elementor-type=\"wp-page\" data-elementor-id=\"6842\" class=\"elementor elementor-6842\" data-elementor-post-type=\"page\">\n\t\t\t\t\t\t<section class=\"elementor-section elementor-top-section elementor-element elementor-element-4bae8b5c elementor-section-boxed elementor-section-height-default elementor-section-height-default\" data-id=\"4bae8b5c\" data-element_type=\"section\">\n\t\t\t\t\t\t<div class=\"elementor-container elementor-column-gap-default\">\n\t\t\t\t\t<div class=\"elementor-column elementor-col-100 elementor-top-column elementor-element elementor-element-4fa08378\" data-id=\"4fa08378\" data-element_type=\"column\">\n\t\t\t<div class=\"elementor-widget-wrap elementor-element-populated\">\n\t\t\t\t\t\t<div class=\"elementor-element elementor-element-17251dba elementor-widget elementor-widget-text-editor\" data-id=\"17251dba\" data-element_type=\"widget\" data-widget_type=\"text-editor.default\">\n\t\t\t\t<div class=\"elementor-widget-container\">\n\t\t\t<style>\/*! elementor - v3.19.0 - 07-02-2024 *\/\n.elementor-widget-text-editor.elementor-drop-cap-view-stacked .elementor-drop-cap{background-color:#69727d;color:#fff}.elementor-widget-text-editor.elementor-drop-cap-view-framed .elementor-drop-cap{color:#69727d;border:3px solid;background-color:transparent}.elementor-widget-text-editor:not(.elementor-drop-cap-view-default) .elementor-drop-cap{margin-top:8px}.elementor-widget-text-editor:not(.elementor-drop-cap-view-default) .elementor-drop-cap-letter{width:1em;height:1em}.elementor-widget-text-editor .elementor-drop-cap{float:left;text-align:center;line-height:1;font-size:50px}.elementor-widget-text-editor .elementor-drop-cap-letter{display:inline-block}<\/style>\t\t\t\t<!-- wp:heading {\"level\":5} -->\n<h5>L\u2019associazione che unisce tutti gli operatori della Canapa, dal mondo agricolo a quello commerciale<\/h5>\n<!-- \/wp:heading -->\n\n<!-- wp:paragraph -->\n<p>La filiera della Canapa Industriale pu\u00f2 far conto sulla nostra realt\u00e0 che basa la sua forza su pi\u00f9 elementi: l&#8217;attenta osservazione del settore grazie a un confronto diretto con agricoltori, trasformatori, esperti, tecnici, accademici; la proposta di soluzioni condivise riunite in un programma in venti punti; la formazione sulla Canapicoltura; la progettazione di proposte di legge e la semplificazione-inserimento di chiarimenti nelle norme gi\u00e0 esistenti.<br>Un&#8217;Associazione nata dalla concretezza, da chi lavora nel settore, \u00e8 cresciuto nei campi, ha immaginato e realizzato prodotti.<\/p>\n<!-- \/wp:paragraph -->\n\n<!-- wp:paragraph -->\n<p>Un terzo dei soci sono coltivatori, mentre il resto \u00e8 rappresentato da trasformatori, distributori, tecnici, commercianti. Prima ancora della costituzione hanno avuto oltre 500 preadesioni. Pi\u00f9 di 8.000 i negozi che in Italia rivendono i prodotti coltivati dai soci. Il progetto di trasformazione in Associazione di respiro nazionale \u00e8 iniziato a settembre 2017, cammino non brevissimo, ma necessario per dare un&#8217;articolazione piena, efficiente e fattiva al nuovo organismo.<br>L&#8217;Associazione Canapa Sativa Italia rappresenta anche un sistema economico, di formazione, di supporto tecnico e, come sottolineato dai fondatori, \u201c\u00e8 l\u2019unica che segue una vasta pluralit\u00e0 di soggetti, tutti coloro che sono coinvolti nei vari comparti della Canapa, dal seme al prodotto scontrinato dei negozi\u201d. \u201cSiamo dotati di una moderna piattaforma di comunicazione \u2013 dicono i cinque fondatori \u2013 che ci permette di condurre assemblee quotidiane con aggiornamento costante, riunioni vocali due volte al giorno fra tutti gli associati.<\/p>\n<!-- \/wp:paragraph -->\n\n<!-- wp:paragraph -->\n<p><strong>Gli associati sono il cuore pulsante delle nostre attivit\u00e0<\/strong><\/p>\n<!-- \/wp:paragraph -->\t\t\t\t\t\t<\/div>\n\t\t\t\t<\/div>\n\t\t\t\t\t<\/div>\n\t\t<\/div>\n\t\t\t\t\t<\/div>\n\t\t<\/section>\n\t\t\t\t<section class=\"elementor-section elementor-top-section elementor-element elementor-element-f331628 elementor-section-boxed elementor-section-height-default elementor-section-height-default\" data-id=\"f331628\" data-element_type=\"section\">\n\t\t\t\t\t\t<div class=\"elementor-container elementor-column-gap-default\">\n\t\t\t\t\t<div class=\"elementor-column elementor-col-100 elementor-top-column elementor-element elementor-element-017509f\" data-id=\"017509f\" data-element_type=\"column\">\n\t\t\t<div class=\"elementor-widget-wrap elementor-element-populated\">\n\t\t\t\t\t\t<div class=\"elementor-element elementor-element-ba63388 elementor-button-info elementor-align-center elementor-widget elementor-widget-button\" data-id=\"ba63388\" data-element_type=\"widget\" data-widget_type=\"button.default\">\n\t\t\t\t<div class=\"elementor-widget-container\">\n\t\t\t\t\t<div class=\"elementor-button-wrapper\">\n\t\t\t<a class=\"elementor-button elementor-button-link elementor-size-md\" href=\"https:\/\/www.canapasativaitalia.org\/come-associarsi\/\">\n\t\t\t\t\t\t<span class=\"elementor-button-content-wrapper\">\n\t\t\t\t\t\t<span class=\"elementor-button-text\">COME ASSOCIARSI<\/span>\n\t\t<\/span>\n\t\t\t\t\t<\/a>\n\t\t<\/div>\n\t\t\t\t<\/div>\n\t\t\t\t<\/div>\n\t\t\t\t\t<\/div>\n\t\t<\/div>\n\t\t\t\t\t<\/div>\n\t\t<\/section>\n\t\t\t\t<\/div>\n\t\t","protected":false},"excerpt":{"rendered":"<p>L\u2019associazione che unisce tutti gli operatori della Canapa, dal mondo agricolo a quello commerciale La filiera della Canapa Industriale pu\u00f2 far conto sulla nostra realt\u00e0 che basa la sua forza su pi\u00f9 elementi: l&#8217;attenta osservazione del settore grazie a un confronto diretto con agricoltori, trasformatori, esperti, tecnici, accademici; la proposta di soluzioni condivise riunite in [&hellip;]<\/p>\n","protected":false},"author":5,"featured_media":0,"parent":0,"menu_order":0,"comment_status":"closed","ping_status":"closed","template":"","meta":{"_acf_changed":false,"footnotes":""},"class_list":["post-6842","page","type-page","status-publish","hentry"],"acf":[],"_links":{"self":[{"href":"https:\/\/csi-test.amtdev.it\/index.php?rest_route=\/wp\/v2\/pages\/6842","targetHints":{"allow":["GET"]}}],"collection":[{"href":"https:\/\/csi-test.amtdev.it\/index.php?rest_route=\/wp\/v2\/pages"}],"about":[{"href":"https:\/\/csi-test.amtdev.it\/index.php?rest_route=\/wp\/v2\/types\/page"}],"author":[{"embeddable":true,"href":"https:\/\/csi-test.amtdev.it\/index.php?rest_route=\/wp\/v2\/users\/5"}],"replies":[{"embeddable":true,"href":"https:\/\/csi-test.amtdev.it\/index.php?rest_route=%2Fwp%2Fv2%2Fcomments&post=6842"}],"version-history":[{"count":0,"href":"https:\/\/csi-test.amtdev.it\/index.php?rest_route=\/wp\/v2\/pages\/6842\/revisions"}],"wp:attachment":[{"href":"https:\/\/csi-test.amtdev.it\/index.php?rest_route=%2Fwp%2Fv2%2Fmedia&parent=6842"}],"curies":[{"name":"wp","href":"https:\/\/api.w.org\/{rel}","templated":true}]}}